{"id":52807,"date":"2022-05-25T11:53:41","date_gmt":"2022-05-25T09:53:41","guid":{"rendered":"https:\/\/extend-tt.vc\/applications\/"},"modified":"2022-07-04T14:24:47","modified_gmt":"2022-07-04T12:24:47","slug":"applications","status":"publish","type":"page","link":"https:\/\/extend-tt.vc\/it\/applications\/","title":{"rendered":"Applicare"},"content":{"rendered":"<div class=\"wpb-content-wrapper\"><p>[vc_row type=&#8221;vc_default&#8221;][vc_column offset=&#8221;vc_col-lg-offset-2 vc_col-lg-8 vc_col-md-offset-1 vc_col-md-10&#8243;][vc_column_text]<\/p>\n<h2>Il Processo<\/h2>\n<p>Siamo interessati a progetti afferenti a qualsiasi area terapeutica e modalit\u00e0 che abbiano un alto potenziale innovativo ed un team disposto ad intraprendere un\u2019iniziativa imprenditoriale. Dagli anticorpi monoclonali a nuove soluzioni di terapia genica, accettiamo con piacere le vostre proposte. Lo stadio di sviluppo di progetto deve essere ricompreso tra la Target ID e la lead optimisation all\u2019interno del processo di drug discovery.[\/vc_column_text][\/vc_column][\/vc_row][vc_row type=&#8221;vc_default&#8221; css=&#8221;.vc_custom_1609934529397{padding-bottom: 20px !important;}&#8221;][vc_column offset=&#8221;vc_col-lg-offset-2 vc_col-lg-8 vc_col-md-offset-1 vc_col-md-10 vc_col-xs-12&#8243;][vc_row_inner css=&#8221;.vc_custom_1613573468305{padding-right: 10px !important;padding-left: 10px !important;}&#8221;][vc_column_inner width=&#8221;1\/2&#8243; css=&#8221;.vc_custom_1614241047967{padding-right: 5px !important;padding-left: 5px !important;}&#8221; offset=&#8221;vc_col-xs-6&#8243;][vc_single_image image=&#8221;52434&#8243; img_size=&#8221;medium&#8221; image_hovers=&#8221;false&#8221; css=&#8221;.vc_custom_1656936928468{margin-bottom: 10px !important;}&#8221;][\/vc_column_inner][vc_column_inner width=&#8221;1\/2&#8243; css=&#8221;.vc_custom_1614241056548{padding-right: 5px !important;padding-left: 5px !important;}&#8221; offset=&#8221;vc_col-xs-6&#8243;][vc_single_image image=&#8221;52438&#8243; img_size=&#8221;medium&#8221; image_hovers=&#8221;false&#8221; css=&#8221;.vc_custom_1656936946269{margin-bottom: 10px !important;}&#8221;][\/vc_column_inner][vc_column_inner width=&#8221;1\/2&#8243; css=&#8221;.vc_custom_1614241065671{padding-right: 5px !important;padding-left: 5px !important;}&#8221; offset=&#8221;vc_col-xs-6&#8243;][vc_single_image image=&#8221;52437&#8243; img_size=&#8221;medium&#8221; image_hovers=&#8221;false&#8221;][\/vc_column_inner][vc_column_inner width=&#8221;1\/2&#8243; css=&#8221;.vc_custom_1614241073727{padding-right: 5px !important;padding-left: 5px !important;}&#8221; offset=&#8221;vc_col-xs-6&#8243;][vc_single_image image=&#8221;52435&#8243; img_size=&#8221;medium&#8221; image_hovers=&#8221;false&#8221;][\/vc_column_inner][\/vc_row_inner][\/vc_column][\/vc_row][vc_row type=&#8221;vc_default&#8221; css=&#8221;.vc_custom_1609934529397{padding-bottom: 20px !important;}&#8221;][vc_column offset=&#8221;vc_col-lg-offset-2 vc_col-lg-8 vc_col-md-offset-1 vc_col-md-10&#8243;][vc_column_text]Dato che l\u2019obiettivo \u00e8 creare compagnie innovative partendo dalla ricerca, preferiamo ricevere iniziative non ancora costituite. Ci\u00f2 nonostante, valuteremo anche startup gi\u00e0 incorporate.<\/p>\n<p>I team devono interagire con il proprio TTO prima di presentare l\u2019iniziativa per stabilire i diritti di Background PI e seguire l\u2019iter standard di presentazione dei progetti ad Extend. Inoltre, vi \u00e8 una differenza tra i Partner Accademici e no, su quali tipologia di progetto possiamo accettare.<\/p>\n<p>Per informazioni dettagliate su come applicare, consultare la pagina <a href=\"\/it\/applicare\/\">Apply<\/a>.[\/vc_column_text][\/vc_column][\/vc_row]<\/p>\n<\/div>","protected":false},"excerpt":{"rendered":"<p>[vc_row type=&#8221;vc_default&#8221;][vc_column offset=&#8221;vc_col-lg-offset-2 vc_col-lg-8 vc_col-md-offset-1 vc_col-md-10&#8243;][vc_column_text] Il Processo Siamo interessati a progetti afferenti a qualsiasi area terapeutica e modalit\u00e0 che abbiano un alto potenziale innovativo ed un team disposto ad intraprendere un\u2019iniziativa imprenditoriale. Dagli anticorpi monoclonali a nuove soluzioni di terapia genica, accettiamo con piacere le vostre proposte. Lo stadio di sviluppo di progetto deve&hellip;<\/p>\n","protected":false},"author":4,"featured_media":52839,"parent":0,"menu_order":0,"comment_status":"closed","ping_status":"closed","template":"","meta":{"footnotes":""},"yoast_head":"<!-- This site is optimized with the Yoast SEO plugin v22.5 - https:\/\/yoast.com\/wordpress\/plugins\/seo\/ -->\n<title>Applicare - EXTEND<\/title>\n<meta name=\"robots\" content=\"index, follow, max-snippet:-1, max-image-preview:large, max-video-preview:-1\" \/>\n<link rel=\"canonical\" href=\"https:\/\/extend-tt.vc\/it\/applications\/\" \/>\n<meta property=\"og:locale\" content=\"it_IT\" \/>\n<meta property=\"og:type\" content=\"article\" \/>\n<meta property=\"og:title\" content=\"Applicare - EXTEND\" \/>\n<meta property=\"og:description\" content=\"[vc_row type=&#8221;vc_default&#8221;][vc_column offset=&#8221;vc_col-lg-offset-2 vc_col-lg-8 vc_col-md-offset-1 vc_col-md-10&#8243;][vc_column_text] Il Processo Siamo interessati a progetti afferenti a qualsiasi area terapeutica e modalit\u00e0 che abbiano un alto potenziale innovativo ed un team disposto ad intraprendere un\u2019iniziativa imprenditoriale. Dagli anticorpi monoclonali a nuove soluzioni di terapia genica, accettiamo con piacere le vostre proposte. Lo stadio di sviluppo di progetto deve&hellip;\" \/>\n<meta property=\"og:url\" content=\"https:\/\/extend-tt.vc\/it\/applications\/\" \/>\n<meta property=\"og:site_name\" content=\"EXTEND\" \/>\n<meta property=\"article:modified_time\" content=\"2022-07-04T12:24:47+00:00\" \/>\n<meta property=\"og:image\" content=\"https:\/\/extend-tt.vc\/wp-content\/uploads\/EXTEND_Apply-scaled.jpg\" \/>\n\t<meta property=\"og:image:width\" content=\"2560\" \/>\n\t<meta property=\"og:image:height\" content=\"825\" \/>\n\t<meta property=\"og:image:type\" content=\"image\/jpeg\" \/>\n<meta name=\"twitter:card\" content=\"summary_large_image\" \/>\n<meta name=\"twitter:label1\" content=\"Tempo di lettura stimato\" \/>\n\t<meta name=\"twitter:data1\" content=\"2 minuti\" \/>\n<script type=\"application\/ld+json\" class=\"yoast-schema-graph\">{\"@context\":\"https:\/\/schema.org\",\"@graph\":[{\"@type\":\"WebPage\",\"@id\":\"https:\/\/extend-tt.vc\/it\/applications\/\",\"url\":\"https:\/\/extend-tt.vc\/it\/applications\/\",\"name\":\"Applicare - EXTEND\",\"isPartOf\":{\"@id\":\"https:\/\/extend-tt.vc\/it\/#website\"},\"primaryImageOfPage\":{\"@id\":\"https:\/\/extend-tt.vc\/it\/applications\/#primaryimage\"},\"image\":{\"@id\":\"https:\/\/extend-tt.vc\/it\/applications\/#primaryimage\"},\"thumbnailUrl\":\"https:\/\/extend-tt.vc\/wp-content\/uploads\/EXTEND_Apply-scaled.jpg\",\"datePublished\":\"2022-05-25T09:53:41+00:00\",\"dateModified\":\"2022-07-04T12:24:47+00:00\",\"breadcrumb\":{\"@id\":\"https:\/\/extend-tt.vc\/it\/applications\/#breadcrumb\"},\"inLanguage\":\"it-IT\",\"potentialAction\":[{\"@type\":\"ReadAction\",\"target\":[\"https:\/\/extend-tt.vc\/it\/applications\/\"]}]},{\"@type\":\"ImageObject\",\"inLanguage\":\"it-IT\",\"@id\":\"https:\/\/extend-tt.vc\/it\/applications\/#primaryimage\",\"url\":\"https:\/\/extend-tt.vc\/wp-content\/uploads\/EXTEND_Apply-scaled.jpg\",\"contentUrl\":\"https:\/\/extend-tt.vc\/wp-content\/uploads\/EXTEND_Apply-scaled.jpg\",\"width\":2560,\"height\":825,\"caption\":\"Apply\"},{\"@type\":\"BreadcrumbList\",\"@id\":\"https:\/\/extend-tt.vc\/it\/applications\/#breadcrumb\",\"itemListElement\":[{\"@type\":\"ListItem\",\"position\":1,\"name\":\"Home\",\"item\":\"https:\/\/extend-tt.vc\/it\/\"},{\"@type\":\"ListItem\",\"position\":2,\"name\":\"Applicare\"}]},{\"@type\":\"WebSite\",\"@id\":\"https:\/\/extend-tt.vc\/it\/#website\",\"url\":\"https:\/\/extend-tt.vc\/it\/\",\"name\":\"EXTEND - National Technology Transfer Biotech Hub\",\"description\":\"National Technology Transfer Biotech Hub\",\"publisher\":{\"@id\":\"https:\/\/extend-tt.vc\/it\/#organization\"},\"potentialAction\":[{\"@type\":\"SearchAction\",\"target\":{\"@type\":\"EntryPoint\",\"urlTemplate\":\"https:\/\/extend-tt.vc\/it\/?s={search_term_string}\"},\"query-input\":\"required name=search_term_string\"}],\"inLanguage\":\"it-IT\"},{\"@type\":\"Organization\",\"@id\":\"https:\/\/extend-tt.vc\/it\/#organization\",\"name\":\"EXTEND - National Technology Transfer Biotech Hub\",\"url\":\"https:\/\/extend-tt.vc\/it\/\",\"logo\":{\"@type\":\"ImageObject\",\"inLanguage\":\"it-IT\",\"@id\":\"https:\/\/extend-tt.vc\/it\/#\/schema\/logo\/image\/\",\"url\":\"https:\/\/extend-tt.vc\/wp-content\/uploads\/Logo-EN.png\",\"contentUrl\":\"https:\/\/extend-tt.vc\/wp-content\/uploads\/Logo-EN.png\",\"width\":720,\"height\":215,\"caption\":\"EXTEND - National Technology Transfer Biotech Hub\"},\"image\":{\"@id\":\"https:\/\/extend-tt.vc\/it\/#\/schema\/logo\/image\/\"}}]}<\/script>\n<!-- \/ Yoast SEO plugin. -->","yoast_head_json":{"title":"Applicare - EXTEND","robots":{"index":"index","follow":"follow","max-snippet":"max-snippet:-1","max-image-preview":"max-image-preview:large","max-video-preview":"max-video-preview:-1"},"canonical":"https:\/\/extend-tt.vc\/it\/applications\/","og_locale":"it_IT","og_type":"article","og_title":"Applicare - EXTEND","og_description":"[vc_row type=&#8221;vc_default&#8221;][vc_column offset=&#8221;vc_col-lg-offset-2 vc_col-lg-8 vc_col-md-offset-1 vc_col-md-10&#8243;][vc_column_text] Il Processo Siamo interessati a progetti afferenti a qualsiasi area terapeutica e modalit\u00e0 che abbiano un alto potenziale innovativo ed un team disposto ad intraprendere un\u2019iniziativa imprenditoriale. Dagli anticorpi monoclonali a nuove soluzioni di terapia genica, accettiamo con piacere le vostre proposte. Lo stadio di sviluppo di progetto deve&hellip;","og_url":"https:\/\/extend-tt.vc\/it\/applications\/","og_site_name":"EXTEND","article_modified_time":"2022-07-04T12:24:47+00:00","og_image":[{"width":2560,"height":825,"url":"https:\/\/extend-tt.vc\/wp-content\/uploads\/EXTEND_Apply-scaled.jpg","type":"image\/jpeg"}],"twitter_card":"summary_large_image","twitter_misc":{"Tempo di lettura stimato":"2 minuti"},"schema":{"@context":"https:\/\/schema.org","@graph":[{"@type":"WebPage","@id":"https:\/\/extend-tt.vc\/it\/applications\/","url":"https:\/\/extend-tt.vc\/it\/applications\/","name":"Applicare - EXTEND","isPartOf":{"@id":"https:\/\/extend-tt.vc\/it\/#website"},"primaryImageOfPage":{"@id":"https:\/\/extend-tt.vc\/it\/applications\/#primaryimage"},"image":{"@id":"https:\/\/extend-tt.vc\/it\/applications\/#primaryimage"},"thumbnailUrl":"https:\/\/extend-tt.vc\/wp-content\/uploads\/EXTEND_Apply-scaled.jpg","datePublished":"2022-05-25T09:53:41+00:00","dateModified":"2022-07-04T12:24:47+00:00","breadcrumb":{"@id":"https:\/\/extend-tt.vc\/it\/applications\/#breadcrumb"},"inLanguage":"it-IT","potentialAction":[{"@type":"ReadAction","target":["https:\/\/extend-tt.vc\/it\/applications\/"]}]},{"@type":"ImageObject","inLanguage":"it-IT","@id":"https:\/\/extend-tt.vc\/it\/applications\/#primaryimage","url":"https:\/\/extend-tt.vc\/wp-content\/uploads\/EXTEND_Apply-scaled.jpg","contentUrl":"https:\/\/extend-tt.vc\/wp-content\/uploads\/EXTEND_Apply-scaled.jpg","width":2560,"height":825,"caption":"Apply"},{"@type":"BreadcrumbList","@id":"https:\/\/extend-tt.vc\/it\/applications\/#breadcrumb","itemListElement":[{"@type":"ListItem","position":1,"name":"Home","item":"https:\/\/extend-tt.vc\/it\/"},{"@type":"ListItem","position":2,"name":"Applicare"}]},{"@type":"WebSite","@id":"https:\/\/extend-tt.vc\/it\/#website","url":"https:\/\/extend-tt.vc\/it\/","name":"EXTEND - National Technology Transfer Biotech Hub","description":"National Technology Transfer Biotech Hub","publisher":{"@id":"https:\/\/extend-tt.vc\/it\/#organization"},"potentialAction":[{"@type":"SearchAction","target":{"@type":"EntryPoint","urlTemplate":"https:\/\/extend-tt.vc\/it\/?s={search_term_string}"},"query-input":"required name=search_term_string"}],"inLanguage":"it-IT"},{"@type":"Organization","@id":"https:\/\/extend-tt.vc\/it\/#organization","name":"EXTEND - National Technology Transfer Biotech Hub","url":"https:\/\/extend-tt.vc\/it\/","logo":{"@type":"ImageObject","inLanguage":"it-IT","@id":"https:\/\/extend-tt.vc\/it\/#\/schema\/logo\/image\/","url":"https:\/\/extend-tt.vc\/wp-content\/uploads\/Logo-EN.png","contentUrl":"https:\/\/extend-tt.vc\/wp-content\/uploads\/Logo-EN.png","width":720,"height":215,"caption":"EXTEND - National Technology Transfer Biotech Hub"},"image":{"@id":"https:\/\/extend-tt.vc\/it\/#\/schema\/logo\/image\/"}}]}},"_links":{"self":[{"href":"https:\/\/extend-tt.vc\/it\/wp-json\/wp\/v2\/pages\/52807"}],"collection":[{"href":"https:\/\/extend-tt.vc\/it\/wp-json\/wp\/v2\/pages"}],"about":[{"href":"https:\/\/extend-tt.vc\/it\/wp-json\/wp\/v2\/types\/page"}],"author":[{"embeddable":true,"href":"https:\/\/extend-tt.vc\/it\/wp-json\/wp\/v2\/users\/4"}],"replies":[{"embeddable":true,"href":"https:\/\/extend-tt.vc\/it\/wp-json\/wp\/v2\/comments?post=52807"}],"version-history":[{"count":0,"href":"https:\/\/extend-tt.vc\/it\/wp-json\/wp\/v2\/pages\/52807\/revisions"}],"wp:featuredmedia":[{"embeddable":true,"href":"https:\/\/extend-tt.vc\/it\/wp-json\/wp\/v2\/media\/52839"}],"wp:attachment":[{"href":"https:\/\/extend-tt.vc\/it\/wp-json\/wp\/v2\/media?parent=52807"}],"curies":[{"name":"wp","href":"https:\/\/api.w.org\/{rel}","templated":true}]}}